{"id":27,"date":"2025-03-15T15:55:13","date_gmt":"2025-03-15T14:55:13","guid":{"rendered":"https:\/\/www.severka-hospoda.cz\/?page_id=27"},"modified":"2025-03-15T15:56:57","modified_gmt":"2025-03-15T14:56:57","slug":"o-nas","status":"publish","type":"page","link":"https:\/\/www.severka-hospoda.cz\/?page_id=27","title":{"rendered":"O n\u00e1s."},"content":{"rendered":"\n<p>Jsme mal\u00e1 vesnick\u00e1 hosp\u016fdka na rozhran\u00ed okres\u016f Kol\u00edn a Kutn\u00e1 Hora.<\/p>\n\n\n\n<h4 class=\"wp-block-heading\">Disponujeme men\u0161\u00edm s\u00e1lem.<\/h4>\n\n\n\n<p>Daj\u00ed se zde po\u0159\u00e1dat men\u0161\u00ed oslavy, kapacita zhruba \u010dty\u0159icet lid\u00ed. Ob\u010derstven\u00ed lze po domluv\u011b zajistit.<\/p>\n\n\n\n<h4 class=\"wp-block-heading\">V letn\u00edm obdob\u00ed posezen\u00ed.<\/h4>\n\n\n\n<p>V p\u0159\u00edpad\u011b p\u0159\u00edzniv\u00e9ho po\u010das\u00ed lze posed\u011bt na zahr\u00e1dce, mo\u017enost grilov\u00e1n\u00ed, gril m\u00e1me vlastn\u00ed.<\/p>\n\n\n\n<p>Ka\u017edoro\u010dn\u011b po\u0159\u00e1d\u00e1me ve spolupr\u00e1ci s obc\u00ed r\u016fzn\u00e9 sout\u011b\u017ee (Mu\u017ei va\u0159\u00ed gul\u00e1\u0161, turnaj ve stoln\u00edm fotb\u00e1lku, turnaj v pr\u0161\u00ed a pod.) Samoz\u0159ejm\u011b nezapom\u00edn\u00e1me ani na d\u011bti a jejich sv\u00e1tky, m\u00e1me mo\u017enost nafukovac\u00edho sk\u00e1kac\u00edho hradu, d\u011bti absolvuj\u00ed r\u016fzn\u00e9 dovednostn\u00ed sout\u011b\u017ee.<\/p>\n\n\n\n<h3 class=\"wp-block-heading\">Grilov\u00e1n\u00ed<\/h3>\n\n\n\n<p>V letn\u00edm obdob\u00ed v\u011bt\u0161inou grilujeme. K dispozici gril na sele, k\u00fdtu do 50 kg. D\u00e1le klasick\u00fd plynov\u00fd gril s ro\u0161tem. Mo\u017enost i kotl\u00edku na gul\u00e1\u0161 na ohni.<\/p>\n\n\n\n<h2 class=\"wp-block-heading\">Kontakty<\/h2>\n\n\n\n<h5 class=\"wp-block-heading\">Pokud m\u00e1te jak\u00fdkoliv dotaz, nebo objedn\u00e1vku, nev\u00e1hejte n\u00e1s kontaktovat.<\/h5>\n\n\n\n<p>Libenice 65, Kol\u00edn<\/p>\n\n\n\n<p>724410065<\/p>\n\n\n\n<p><a href=\"mailto: Andrea.Severova@gmail.com\">Andrea.Severova@gmail.com<\/a><\/p>\n\n\n\n<p>Po: Zav\u0159eno, \u00dat\u2013\u010ct: 16:00\u201322:00, P\u00e1, So: 16:00\u201324:00<\/p>\n\n\n\n<figure class=\"wp-block-gallery has-nested-images columns-default is-cropped wp-block-gallery-1 is-layout-flex wp-block-gallery-is-layout-flex\">\n<figure class=\"wp-block-image size-large\"><img loading=\"lazy\" decoding=\"async\" width=\"1024\" height=\"724\" data-id=\"28\" src=\"https:\/\/www.severka-hospoda.cz\/wp-content\/uploads\/2025\/03\/received_229903109548883-1024x724.jpeg\" alt=\"\" class=\"wp-image-28\" srcset=\"https:\/\/www.severka-hospoda.cz\/wp-content\/uploads\/2025\/03\/received_229903109548883-1024x724.jpeg 1024w, https:\/\/www.severka-hospoda.cz\/wp-content\/uploads\/2025\/03\/received_229903109548883-300x212.jpeg 300w, https:\/\/www.severka-hospoda.cz\/wp-content\/uploads\/2025\/03\/received_229903109548883-768x543.jpeg 768w, https:\/\/www.severka-hospoda.cz\/wp-content\/uploads\/2025\/03\/received_229903109548883-1536x1085.jpeg 1536w, https:\/\/www.severka-hospoda.cz\/wp-content\/uploads\/2025\/03\/received_229903109548883.jpeg 2048w\" sizes=\"auto, (max-width: 1024px) 100vw, 1024px\" \/><\/figure>\n\n\n\n<figure class=\"wp-block-image size-large\"><img loading=\"lazy\" decoding=\"async\" width=\"1024\" height=\"768\" data-id=\"37\" src=\"https:\/\/www.severka-hospoda.cz\/wp-content\/uploads\/2025\/03\/IMG_20170313_133539-1024x768.jpg\" alt=\"\" class=\"wp-image-37\" srcset=\"https:\/\/www.severka-hospoda.cz\/wp-content\/uploads\/2025\/03\/IMG_20170313_133539-1024x768.jpg 1024w, https:\/\/www.severka-hospoda.cz\/wp-content\/uploads\/2025\/03\/IMG_20170313_133539-300x225.jpg 300w, https:\/\/www.severka-hospoda.cz\/wp-content\/uploads\/2025\/03\/IMG_20170313_133539-768x576.jpg 768w, https:\/\/www.severka-hospoda.cz\/wp-content\/uploads\/2025\/03\/IMG_20170313_133539-1536x1152.jpg 1536w, https:\/\/www.severka-hospoda.cz\/wp-content\/uploads\/2025\/03\/IMG_20170313_133539-2048x1536.jpg 2048w\" sizes=\"auto, (max-width: 1024px) 100vw, 1024px\" \/><\/figure>\n\n\n\n<figure class=\"wp-block-image size-large\"><img loading=\"lazy\" decoding=\"async\" width=\"1024\" height=\"768\" data-id=\"32\" src=\"https:\/\/www.severka-hospoda.cz\/wp-content\/uploads\/2025\/03\/IMG_20170930_154339-1024x768.jpg\" alt=\"\" class=\"wp-image-32\" srcset=\"https:\/\/www.severka-hospoda.cz\/wp-content\/uploads\/2025\/03\/IMG_20170930_154339-1024x768.jpg 1024w, https:\/\/www.severka-hospoda.cz\/wp-content\/uploads\/2025\/03\/IMG_20170930_154339-300x225.jpg 300w, https:\/\/www.severka-hospoda.cz\/wp-content\/uploads\/2025\/03\/IMG_20170930_154339-768x576.jpg 768w, https:\/\/www.severka-hospoda.cz\/wp-content\/uploads\/2025\/03\/IMG_20170930_154339-1536x1152.jpg 1536w, https:\/\/www.severka-hospoda.cz\/wp-content\/uploads\/2025\/03\/IMG_20170930_154339-2048x1536.jpg 2048w\" sizes=\"auto, (max-width: 1024px) 100vw, 1024px\" \/><\/figure>\n\n\n\n<figure class=\"wp-block-image size-large\"><img loading=\"lazy\" decoding=\"async\" width=\"768\" height=\"1024\" data-id=\"34\" src=\"https:\/\/www.severka-hospoda.cz\/wp-content\/uploads\/2025\/03\/IMG_20220604_165726-768x1024.jpg\" alt=\"\" class=\"wp-image-34\" srcset=\"https:\/\/www.severka-hospoda.cz\/wp-content\/uploads\/2025\/03\/IMG_20220604_165726-768x1024.jpg 768w, https:\/\/www.severka-hospoda.cz\/wp-content\/uploads\/2025\/03\/IMG_20220604_165726-225x300.jpg 225w, https:\/\/www.severka-hospoda.cz\/wp-content\/uploads\/2025\/03\/IMG_20220604_165726-1152x1536.jpg 1152w, https:\/\/www.severka-hospoda.cz\/wp-content\/uploads\/2025\/03\/IMG_20220604_165726-1536x2048.jpg 1536w, https:\/\/www.severka-hospoda.cz\/wp-content\/uploads\/2025\/03\/IMG_20220604_165726-scaled.jpg 1920w\" sizes=\"auto, (max-width: 768px) 100vw, 768px\" \/><\/figure>\n\n\n\n<figure class=\"wp-block-image size-large\"><img loading=\"lazy\" decoding=\"async\" width=\"1024\" height=\"768\" data-id=\"29\" src=\"https:\/\/www.severka-hospoda.cz\/wp-content\/uploads\/2025\/03\/IMG_20220823_170000-1024x768.jpg\" alt=\"\" class=\"wp-image-29\" srcset=\"https:\/\/www.severka-hospoda.cz\/wp-content\/uploads\/2025\/03\/IMG_20220823_170000-1024x768.jpg 1024w, https:\/\/www.severka-hospoda.cz\/wp-content\/uploads\/2025\/03\/IMG_20220823_170000-300x225.jpg 300w, https:\/\/www.severka-hospoda.cz\/wp-content\/uploads\/2025\/03\/IMG_20220823_170000-768x576.jpg 768w, https:\/\/www.severka-hospoda.cz\/wp-content\/uploads\/2025\/03\/IMG_20220823_170000-1536x1152.jpg 1536w, https:\/\/www.severka-hospoda.cz\/wp-content\/uploads\/2025\/03\/IMG_20220823_170000-2048x1536.jpg 2048w\" sizes=\"auto, (max-width: 1024px) 100vw, 1024px\" \/><\/figure>\n\n\n\n<figure class=\"wp-block-image size-large\"><img loading=\"lazy\" decoding=\"async\" width=\"768\" height=\"1024\" data-id=\"31\" src=\"https:\/\/www.severka-hospoda.cz\/wp-content\/uploads\/2025\/03\/IMG_20220904_155542-768x1024.jpg\" alt=\"\" class=\"wp-image-31\" srcset=\"https:\/\/www.severka-hospoda.cz\/wp-content\/uploads\/2025\/03\/IMG_20220904_155542-768x1024.jpg 768w, https:\/\/www.severka-hospoda.cz\/wp-content\/uploads\/2025\/03\/IMG_20220904_155542-225x300.jpg 225w, https:\/\/www.severka-hospoda.cz\/wp-content\/uploads\/2025\/03\/IMG_20220904_155542-1152x1536.jpg 1152w, https:\/\/www.severka-hospoda.cz\/wp-content\/uploads\/2025\/03\/IMG_20220904_155542-1536x2048.jpg 1536w, https:\/\/www.severka-hospoda.cz\/wp-content\/uploads\/2025\/03\/IMG_20220904_155542-scaled.jpg 1920w\" sizes=\"auto, (max-width: 768px) 100vw, 768px\" \/><\/figure>\n\n\n\n<figure class=\"wp-block-image size-large\"><img loading=\"lazy\" decoding=\"async\" width=\"768\" height=\"1024\" data-id=\"33\" src=\"https:\/\/www.severka-hospoda.cz\/wp-content\/uploads\/2025\/03\/IMG_20220904_155556-768x1024.jpg\" alt=\"\" class=\"wp-image-33\" srcset=\"https:\/\/www.severka-hospoda.cz\/wp-content\/uploads\/2025\/03\/IMG_20220904_155556-768x1024.jpg 768w, https:\/\/www.severka-hospoda.cz\/wp-content\/uploads\/2025\/03\/IMG_20220904_155556-225x300.jpg 225w, https:\/\/www.severka-hospoda.cz\/wp-content\/uploads\/2025\/03\/IMG_20220904_155556-1152x1536.jpg 1152w, https:\/\/www.severka-hospoda.cz\/wp-content\/uploads\/2025\/03\/IMG_20220904_155556-1536x2048.jpg 1536w, https:\/\/www.severka-hospoda.cz\/wp-content\/uploads\/2025\/03\/IMG_20220904_155556-scaled.jpg 1920w\" sizes=\"auto, (max-width: 768px) 100vw, 768px\" \/><\/figure>\n\n\n\n<figure class=\"wp-block-image size-large\"><img loading=\"lazy\" decoding=\"async\" width=\"771\" height=\"1024\" data-id=\"30\" src=\"https:\/\/www.severka-hospoda.cz\/wp-content\/uploads\/2025\/03\/IMG_20230210_192652-771x1024.jpg\" alt=\"\" class=\"wp-image-30\" srcset=\"https:\/\/www.severka-hospoda.cz\/wp-content\/uploads\/2025\/03\/IMG_20230210_192652-771x1024.jpg 771w, https:\/\/www.severka-hospoda.cz\/wp-content\/uploads\/2025\/03\/IMG_20230210_192652-226x300.jpg 226w, https:\/\/www.severka-hospoda.cz\/wp-content\/uploads\/2025\/03\/IMG_20230210_192652-768x1020.jpg 768w, https:\/\/www.severka-hospoda.cz\/wp-content\/uploads\/2025\/03\/IMG_20230210_192652-1157x1536.jpg 1157w, https:\/\/www.severka-hospoda.cz\/wp-content\/uploads\/2025\/03\/IMG_20230210_192652-1542x2048.jpg 1542w, https:\/\/www.severka-hospoda.cz\/wp-content\/uploads\/2025\/03\/IMG_20230210_192652-scaled.jpg 1928w\" sizes=\"auto, (max-width: 771px) 100vw, 771px\" \/><\/figure>\n\n\n\n<figure class=\"wp-block-image size-large\"><img loading=\"lazy\" decoding=\"async\" width=\"771\" height=\"1024\" data-id=\"44\" src=\"https:\/\/www.severka-hospoda.cz\/wp-content\/uploads\/2025\/03\/IMG_20230210_192704-771x1024.jpg\" alt=\"\" class=\"wp-image-44\" srcset=\"https:\/\/www.severka-hospoda.cz\/wp-content\/uploads\/2025\/03\/IMG_20230210_192704-771x1024.jpg 771w, https:\/\/www.severka-hospoda.cz\/wp-content\/uploads\/2025\/03\/IMG_20230210_192704-226x300.jpg 226w, https:\/\/www.severka-hospoda.cz\/wp-content\/uploads\/2025\/03\/IMG_20230210_192704-768x1020.jpg 768w, https:\/\/www.severka-hospoda.cz\/wp-content\/uploads\/2025\/03\/IMG_20230210_192704-1157x1536.jpg 1157w, https:\/\/www.severka-hospoda.cz\/wp-content\/uploads\/2025\/03\/IMG_20230210_192704-1542x2048.jpg 1542w, https:\/\/www.severka-hospoda.cz\/wp-content\/uploads\/2025\/03\/IMG_20230210_192704-scaled.jpg 1928w\" sizes=\"auto, (max-width: 771px) 100vw, 771px\" \/><\/figure>\n\n\n\n<figure class=\"wp-block-image size-large\"><img loading=\"lazy\" decoding=\"async\" width=\"768\" height=\"1024\" data-id=\"43\" src=\"https:\/\/www.severka-hospoda.cz\/wp-content\/uploads\/2025\/03\/IMG_20230223_155353-768x1024.jpg\" alt=\"\" class=\"wp-image-43\" srcset=\"https:\/\/www.severka-hospoda.cz\/wp-content\/uploads\/2025\/03\/IMG_20230223_155353-768x1024.jpg 768w, https:\/\/www.severka-hospoda.cz\/wp-content\/uploads\/2025\/03\/IMG_20230223_155353-225x300.jpg 225w, https:\/\/www.severka-hospoda.cz\/wp-content\/uploads\/2025\/03\/IMG_20230223_155353-1152x1536.jpg 1152w, https:\/\/www.severka-hospoda.cz\/wp-content\/uploads\/2025\/03\/IMG_20230223_155353-1536x2048.jpg 1536w, https:\/\/www.severka-hospoda.cz\/wp-content\/uploads\/2025\/03\/IMG_20230223_155353-scaled.jpg 1920w\" sizes=\"auto, (max-width: 768px) 100vw, 768px\" \/><\/figure>\n\n\n\n<figure class=\"wp-block-image size-large\"><img loading=\"lazy\" decoding=\"async\" width=\"768\" height=\"1024\" data-id=\"41\" src=\"https:\/\/www.severka-hospoda.cz\/wp-content\/uploads\/2025\/03\/IMG_20230310_180719-768x1024.jpg\" alt=\"\" class=\"wp-image-41\" srcset=\"https:\/\/www.severka-hospoda.cz\/wp-content\/uploads\/2025\/03\/IMG_20230310_180719-768x1024.jpg 768w, https:\/\/www.severka-hospoda.cz\/wp-content\/uploads\/2025\/03\/IMG_20230310_180719-225x300.jpg 225w, https:\/\/www.severka-hospoda.cz\/wp-content\/uploads\/2025\/03\/IMG_20230310_180719-1152x1536.jpg 1152w, https:\/\/www.severka-hospoda.cz\/wp-content\/uploads\/2025\/03\/IMG_20230310_180719-1536x2048.jpg 1536w, https:\/\/www.severka-hospoda.cz\/wp-content\/uploads\/2025\/03\/IMG_20230310_180719-scaled.jpg 1920w\" sizes=\"auto, (max-width: 768px) 100vw, 768px\" \/><\/figure>\n\n\n\n<figure class=\"wp-block-image size-large\"><img loading=\"lazy\" decoding=\"async\" width=\"768\" height=\"1024\" data-id=\"42\" src=\"https:\/\/www.severka-hospoda.cz\/wp-content\/uploads\/2025\/03\/IMG_20230310_215938-768x1024.jpg\" alt=\"\" class=\"wp-image-42\" srcset=\"https:\/\/www.severka-hospoda.cz\/wp-content\/uploads\/2025\/03\/IMG_20230310_215938-768x1024.jpg 768w, https:\/\/www.severka-hospoda.cz\/wp-content\/uploads\/2025\/03\/IMG_20230310_215938-225x300.jpg 225w, https:\/\/www.severka-hospoda.cz\/wp-content\/uploads\/2025\/03\/IMG_20230310_215938-1152x1536.jpg 1152w, https:\/\/www.severka-hospoda.cz\/wp-content\/uploads\/2025\/03\/IMG_20230310_215938-1536x2048.jpg 1536w, https:\/\/www.severka-hospoda.cz\/wp-content\/uploads\/2025\/03\/IMG_20230310_215938-scaled.jpg 1920w\" sizes=\"auto, (max-width: 768px) 100vw, 768px\" \/><\/figure>\n\n\n\n<figure class=\"wp-block-image size-large\"><img loading=\"lazy\" decoding=\"async\" width=\"768\" height=\"1024\" data-id=\"39\" src=\"https:\/\/www.severka-hospoda.cz\/wp-content\/uploads\/2025\/03\/IMG_20230630_184046-768x1024.jpg\" alt=\"\" class=\"wp-image-39\" srcset=\"https:\/\/www.severka-hospoda.cz\/wp-content\/uploads\/2025\/03\/IMG_20230630_184046-768x1024.jpg 768w, https:\/\/www.severka-hospoda.cz\/wp-content\/uploads\/2025\/03\/IMG_20230630_184046-225x300.jpg 225w, https:\/\/www.severka-hospoda.cz\/wp-content\/uploads\/2025\/03\/IMG_20230630_184046-1152x1536.jpg 1152w, https:\/\/www.severka-hospoda.cz\/wp-content\/uploads\/2025\/03\/IMG_20230630_184046-1536x2048.jpg 1536w, https:\/\/www.severka-hospoda.cz\/wp-content\/uploads\/2025\/03\/IMG_20230630_184046-scaled.jpg 1920w\" sizes=\"auto, (max-width: 768px) 100vw, 768px\" \/><\/figure>\n\n\n\n<figure class=\"wp-block-image size-large\"><img loading=\"lazy\" decoding=\"async\" width=\"768\" height=\"1024\" data-id=\"38\" src=\"https:\/\/www.severka-hospoda.cz\/wp-content\/uploads\/2025\/03\/IMG_20230630_184108-768x1024.jpg\" alt=\"\" class=\"wp-image-38\" srcset=\"https:\/\/www.severka-hospoda.cz\/wp-content\/uploads\/2025\/03\/IMG_20230630_184108-768x1024.jpg 768w, https:\/\/www.severka-hospoda.cz\/wp-content\/uploads\/2025\/03\/IMG_20230630_184108-225x300.jpg 225w, https:\/\/www.severka-hospoda.cz\/wp-content\/uploads\/2025\/03\/IMG_20230630_184108-1152x1536.jpg 1152w, https:\/\/www.severka-hospoda.cz\/wp-content\/uploads\/2025\/03\/IMG_20230630_184108-1536x2048.jpg 1536w, https:\/\/www.severka-hospoda.cz\/wp-content\/uploads\/2025\/03\/IMG_20230630_184108-scaled.jpg 1920w\" sizes=\"auto, (max-width: 768px) 100vw, 768px\" \/><\/figure>\n\n\n\n<figure class=\"wp-block-image size-large\"><img loading=\"lazy\" decoding=\"async\" width=\"1024\" height=\"768\" data-id=\"36\" src=\"https:\/\/www.severka-hospoda.cz\/wp-content\/uploads\/2025\/03\/IMG_20230722_113131-1024x768.jpg\" alt=\"\" class=\"wp-image-36\" srcset=\"https:\/\/www.severka-hospoda.cz\/wp-content\/uploads\/2025\/03\/IMG_20230722_113131-1024x768.jpg 1024w, https:\/\/www.severka-hospoda.cz\/wp-content\/uploads\/2025\/03\/IMG_20230722_113131-300x225.jpg 300w, https:\/\/www.severka-hospoda.cz\/wp-content\/uploads\/2025\/03\/IMG_20230722_113131-768x576.jpg 768w, https:\/\/www.severka-hospoda.cz\/wp-content\/uploads\/2025\/03\/IMG_20230722_113131-1536x1152.jpg 1536w, https:\/\/www.severka-hospoda.cz\/wp-content\/uploads\/2025\/03\/IMG_20230722_113131-2048x1536.jpg 2048w\" sizes=\"auto, (max-width: 1024px) 100vw, 1024px\" \/><\/figure>\n\n\n\n<figure class=\"wp-block-image size-large\"><img loading=\"lazy\" decoding=\"async\" width=\"771\" height=\"1024\" data-id=\"40\" src=\"https:\/\/www.severka-hospoda.cz\/wp-content\/uploads\/2025\/03\/IMG_20230722_121637-771x1024.jpg\" alt=\"\" class=\"wp-image-40\" srcset=\"https:\/\/www.severka-hospoda.cz\/wp-content\/uploads\/2025\/03\/IMG_20230722_121637-771x1024.jpg 771w, https:\/\/www.severka-hospoda.cz\/wp-content\/uploads\/2025\/03\/IMG_20230722_121637-226x300.jpg 226w, https:\/\/www.severka-hospoda.cz\/wp-content\/uploads\/2025\/03\/IMG_20230722_121637-768x1020.jpg 768w, https:\/\/www.severka-hospoda.cz\/wp-content\/uploads\/2025\/03\/IMG_20230722_121637-1157x1536.jpg 1157w, https:\/\/www.severka-hospoda.cz\/wp-content\/uploads\/2025\/03\/IMG_20230722_121637-1542x2048.jpg 1542w, https:\/\/www.severka-hospoda.cz\/wp-content\/uploads\/2025\/03\/IMG_20230722_121637-scaled.jpg 1928w\" sizes=\"auto, (max-width: 771px) 100vw, 771px\" \/><\/figure>\n\n\n\n<figure class=\"wp-block-image size-large\"><img loading=\"lazy\" decoding=\"async\" width=\"768\" height=\"1024\" data-id=\"35\" src=\"https:\/\/www.severka-hospoda.cz\/wp-content\/uploads\/2025\/03\/IMG_20230819_162647-768x1024.jpg\" alt=\"\" class=\"wp-image-35\" srcset=\"https:\/\/www.severka-hospoda.cz\/wp-content\/uploads\/2025\/03\/IMG_20230819_162647-768x1024.jpg 768w, https:\/\/www.severka-hospoda.cz\/wp-content\/uploads\/2025\/03\/IMG_20230819_162647-225x300.jpg 225w, https:\/\/www.severka-hospoda.cz\/wp-content\/uploads\/2025\/03\/IMG_20230819_162647-1152x1536.jpg 1152w, https:\/\/www.severka-hospoda.cz\/wp-content\/uploads\/2025\/03\/IMG_20230819_162647-1536x2048.jpg 1536w, https:\/\/www.severka-hospoda.cz\/wp-content\/uploads\/2025\/03\/IMG_20230819_162647-scaled.jpg 1920w\" sizes=\"auto, (max-width: 768px) 100vw, 768px\" \/><\/figure>\n\n\n\n\n\n<figure class=\"wp-block-image size-large\"><img loading=\"lazy\" decoding=\"async\" width=\"771\" height=\"1024\" data-id=\"48\" src=\"https:\/\/www.severka-hospoda.cz\/wp-content\/uploads\/2025\/03\/IMG_20231205_175609-771x1024.jpg\" alt=\"\" class=\"wp-image-48\" srcset=\"https:\/\/www.severka-hospoda.cz\/wp-content\/uploads\/2025\/03\/IMG_20231205_175609-771x1024.jpg 771w, https:\/\/www.severka-hospoda.cz\/wp-content\/uploads\/2025\/03\/IMG_20231205_175609-226x300.jpg 226w, https:\/\/www.severka-hospoda.cz\/wp-content\/uploads\/2025\/03\/IMG_20231205_175609-768x1020.jpg 768w, https:\/\/www.severka-hospoda.cz\/wp-content\/uploads\/2025\/03\/IMG_20231205_175609-1157x1536.jpg 1157w, https:\/\/www.severka-hospoda.cz\/wp-content\/uploads\/2025\/03\/IMG_20231205_175609-1542x2048.jpg 1542w, https:\/\/www.severka-hospoda.cz\/wp-content\/uploads\/2025\/03\/IMG_20231205_175609-scaled.jpg 1928w\" sizes=\"auto, (max-width: 771px) 100vw, 771px\" \/><\/figure>\n\n\n\n<figure class=\"wp-block-image size-large\"><img loading=\"lazy\" decoding=\"async\" width=\"768\" height=\"1024\" data-id=\"46\" src=\"https:\/\/www.severka-hospoda.cz\/wp-content\/uploads\/2025\/03\/IMG_20240323_194838-768x1024.jpg\" alt=\"\" class=\"wp-image-46\" srcset=\"https:\/\/www.severka-hospoda.cz\/wp-content\/uploads\/2025\/03\/IMG_20240323_194838-768x1024.jpg 768w, https:\/\/www.severka-hospoda.cz\/wp-content\/uploads\/2025\/03\/IMG_20240323_194838-225x300.jpg 225w, https:\/\/www.severka-hospoda.cz\/wp-content\/uploads\/2025\/03\/IMG_20240323_194838-1152x1536.jpg 1152w, https:\/\/www.severka-hospoda.cz\/wp-content\/uploads\/2025\/03\/IMG_20240323_194838-1536x2048.jpg 1536w, https:\/\/www.severka-hospoda.cz\/wp-content\/uploads\/2025\/03\/IMG_20240323_194838-scaled.jpg 1920w\" sizes=\"auto, (max-width: 768px) 100vw, 768px\" \/><\/figure>\n\n\n\n<figure class=\"wp-block-image size-large\"><img loading=\"lazy\" decoding=\"async\" width=\"768\" height=\"1024\" data-id=\"49\" src=\"https:\/\/www.severka-hospoda.cz\/wp-content\/uploads\/2025\/03\/IMG_20240609_165604-768x1024.jpg\" alt=\"\" class=\"wp-image-49\" srcset=\"https:\/\/www.severka-hospoda.cz\/wp-content\/uploads\/2025\/03\/IMG_20240609_165604-768x1024.jpg 768w, https:\/\/www.severka-hospoda.cz\/wp-content\/uploads\/2025\/03\/IMG_20240609_165604-225x300.jpg 225w, https:\/\/www.severka-hospoda.cz\/wp-content\/uploads\/2025\/03\/IMG_20240609_165604-1152x1536.jpg 1152w, https:\/\/www.severka-hospoda.cz\/wp-content\/uploads\/2025\/03\/IMG_20240609_165604-1536x2048.jpg 1536w, https:\/\/www.severka-hospoda.cz\/wp-content\/uploads\/2025\/03\/IMG_20240609_165604-scaled.jpg 1920w\" sizes=\"auto, (max-width: 768px) 100vw, 768px\" \/><\/figure>\n\n\n\n<figure class=\"wp-block-image size-large\"><img loading=\"lazy\" decoding=\"async\" width=\"768\" height=\"1024\" data-id=\"47\" src=\"https:\/\/www.severka-hospoda.cz\/wp-content\/uploads\/2025\/03\/IMG_20240609_165625-768x1024.jpg\" alt=\"\" class=\"wp-image-47\" srcset=\"https:\/\/www.severka-hospoda.cz\/wp-content\/uploads\/2025\/03\/IMG_20240609_165625-768x1024.jpg 768w, https:\/\/www.severka-hospoda.cz\/wp-content\/uploads\/2025\/03\/IMG_20240609_165625-225x300.jpg 225w, https:\/\/www.severka-hospoda.cz\/wp-content\/uploads\/2025\/03\/IMG_20240609_165625-1152x1536.jpg 1152w, https:\/\/www.severka-hospoda.cz\/wp-content\/uploads\/2025\/03\/IMG_20240609_165625-1536x2048.jpg 1536w, https:\/\/www.severka-hospoda.cz\/wp-content\/uploads\/2025\/03\/IMG_20240609_165625-scaled.jpg 1920w\" sizes=\"auto, (max-width: 768px) 100vw, 768px\" \/><\/figure>\n\n\n\n<figure class=\"wp-block-image size-large\"><img loading=\"lazy\" decoding=\"async\" width=\"1024\" height=\"768\" data-id=\"45\" src=\"https:\/\/www.severka-hospoda.cz\/wp-content\/uploads\/2025\/03\/IMG-20220605-WA0033-1024x768.jpg\" alt=\"\" class=\"wp-image-45\" srcset=\"https:\/\/www.severka-hospoda.cz\/wp-content\/uploads\/2025\/03\/IMG-20220605-WA0033-1024x768.jpg 1024w, https:\/\/www.severka-hospoda.cz\/wp-content\/uploads\/2025\/03\/IMG-20220605-WA0033-300x225.jpg 300w, https:\/\/www.severka-hospoda.cz\/wp-content\/uploads\/2025\/03\/IMG-20220605-WA0033-768x576.jpg 768w, https:\/\/www.severka-hospoda.cz\/wp-content\/uploads\/2025\/03\/IMG-20220605-WA0033-1536x1152.jpg 1536w, https:\/\/www.severka-hospoda.cz\/wp-content\/uploads\/2025\/03\/IMG-20220605-WA0033.jpg 1600w\" sizes=\"auto, (max-width: 1024px) 100vw, 1024px\" \/><\/figure>\n<\/figure>\n","protected":false},"excerpt":{"rendered":"<p>Jsme mal\u00e1 vesnick\u00e1 hosp\u016fdka na rozhran\u00ed okres\u016f Kol\u00edn a Kutn\u00e1 Hora. Disponujeme men\u0161\u00edm s\u00e1lem. Daj\u00ed se zde po\u0159\u00e1dat men\u0161\u00ed oslavy, kapacita zhruba \u010dty\u0159icet lid\u00ed. Ob\u010derstven\u00ed lze po domluv\u011b zajistit. V letn\u00edm obdob\u00ed posezen\u00ed. V p\u0159\u00edpad\u011b p\u0159\u00edzniv\u00e9ho po\u010das\u00ed lze posed\u011bt na<\/p>\n","protected":false},"author":1,"featured_media":0,"parent":0,"menu_order":0,"comment_status":"closed","ping_status":"closed","template":"","meta":{"_price":"","_stock":"","_tribe_ticket_header":"","_tribe_default_ticket_provider":"","_tribe_ticket_capacity":"0","_ticket_start_date":"","_ticket_end_date":"","_tribe_ticket_show_description":"","_tribe_ticket_show_not_going":false,"_tribe_ticket_use_global_stock":"","_tribe_ticket_global_stock_level":"","_global_stock_mode":"","_global_stock_cap":"","_tribe_rsvp_for_event":"","_tribe_ticket_going_count":"","_tribe_ticket_not_going_count":"","_tribe_tickets_list":"[]","_tribe_ticket_has_attendee_info_fields":false,"footnotes":"","_tec_slr_enabled":"","_tec_slr_layout":""},"class_list":["post-27","page","type-page","status-publish","hentry"],"ticketed":false,"_links":{"self":[{"href":"https:\/\/www.severka-hospoda.cz\/index.php?rest_route=\/wp\/v2\/pages\/27","targetHints":{"allow":["GET"]}}],"collection":[{"href":"https:\/\/www.severka-hospoda.cz\/index.php?rest_route=\/wp\/v2\/pages"}],"about":[{"href":"https:\/\/www.severka-hospoda.cz\/index.php?rest_route=\/wp\/v2\/types\/page"}],"author":[{"embeddable":true,"href":"https:\/\/www.severka-hospoda.cz\/index.php?rest_route=\/wp\/v2\/users\/1"}],"replies":[{"embeddable":true,"href":"https:\/\/www.severka-hospoda.cz\/index.php?rest_route=%2Fwp%2Fv2%2Fcomments&post=27"}],"version-history":[{"count":2,"href":"https:\/\/www.severka-hospoda.cz\/index.php?rest_route=\/wp\/v2\/pages\/27\/revisions"}],"predecessor-version":[{"id":53,"href":"https:\/\/www.severka-hospoda.cz\/index.php?rest_route=\/wp\/v2\/pages\/27\/revisions\/53"}],"wp:attachment":[{"href":"https:\/\/www.severka-hospoda.cz\/index.php?rest_route=%2Fwp%2Fv2%2Fmedia&parent=27"}],"curies":[{"name":"wp","href":"https:\/\/api.w.org\/{rel}","templated":true}]}}